{"id":57,"date":"2020-11-24T09:36:43","date_gmt":"2020-11-24T09:36:43","guid":{"rendered":"https:\/\/stelior.ee\/?post_type=product&#038;p=57"},"modified":"2025-06-07T01:21:43","modified_gmt":"2025-06-07T01:21:43","slug":"omega-optimal-90-kapslit","status":"publish","type":"product","link":"https:\/\/stelior.ee\/?product=omega-optimal-90-kapslit","title":{"rendered":"OMEGA OPTIMAL 90 kapslit"},"content":{"rendered":"","protected":false},"excerpt":{"rendered":"<p>Organismi loomuliku kaitsev\u00f5ime tugevdamiseks ja seedeprobleemide leevendamiseks. Mustk\u00f6\u00f6mne \u00f5li sobib ka p\u00f5letikuliste ja allergiliste seisundite korral. Sisaldab palju pol\u00fck\u00fcllastamata asendamatuid rasvhappeid. Pidurdab rakumembraanide oks\u00fcdatsiooni, p\u00f5letikku. Toetab maksa ja sapip\u00f5ie funktsioone.. \u200b<br \/>\nKoostis: mustk\u00f6\u00f6mne\u00f5li (Nigella sativa L), tokoferooliga (E vitamiin) rikastatud ekstrakt . Kapsel kala\u017eelatiinist. Niiskuses\u00e4ilitaja: gl\u00fctserool.<\/p>\n","protected":false},"featured_media":359,"comment_status":"open","ping_status":"closed","template":"","meta":[],"product_cat":[21],"product_tag":[],"class_list":{"0":"post-57","1":"product","2":"type-product","3":"status-publish","4":"has-post-thumbnail","6":"product_cat-toidulisandid","8":"first","9":"instock","10":"taxable","11":"shipping-taxable","12":"purchasable","13":"product-type-simple"},"yoast_head":"<!-- This site is optimized with the Yoast SEO plugin v22.3 - https:\/\/yoast.com\/wordpress\/plugins\/seo\/ -->\n<title>OMEGA OPTIMAL 90 kapslit - Stelior<\/title>\n<meta name=\"robots\" content=\"index, follow, max-snippet:-1, max-image-preview:large, max-video-preview:-1\" \/>\n<link rel=\"canonical\" href=\"https:\/\/stelior.ee\/?product=omega-optimal-90-kapslit\" \/>\n<meta property=\"og:locale\" content=\"et_EE\" \/>\n<meta property=\"og:type\" content=\"article\" \/>\n<meta property=\"og:title\" content=\"OMEGA OPTIMAL 90 kapslit - Stelior\" \/>\n<meta property=\"og:description\" content=\"Organismi loomuliku kaitsev\u00f5ime tugevdamiseks ja seedeprobleemide leevendamiseks. Mustk\u00f6\u00f6mne \u00f5li sobib ka p\u00f5letikuliste ja allergiliste seisundite korral. Sisaldab palju pol\u00fck\u00fcllastamata asendamatuid rasvhappeid. Pidurdab rakumembraanide oks\u00fcdatsiooni, p\u00f5letikku. Toetab maksa ja sapip\u00f5ie funktsioone.. \u200b Koostis: mustk\u00f6\u00f6mne\u00f5li (Nigella sativa L), tokoferooliga (E vitamiin) rikastatud ekstrakt . Kapsel kala\u017eelatiinist. Niiskuses\u00e4ilitaja: gl\u00fctserool.\" \/>\n<meta property=\"og:url\" content=\"https:\/\/stelior.ee\/?product=omega-optimal-90-kapslit\" \/>\n<meta property=\"og:site_name\" content=\"Stelior\" \/>\n<meta property=\"article:modified_time\" content=\"2025-06-07T01:21:43+00:00\" \/>\n<meta property=\"og:image\" content=\"https:\/\/stelior.ee\/wp-content\/uploads\/2020\/11\/omega-vital-90.jpg\" \/>\n\t<meta property=\"og:image:width\" content=\"200\" \/>\n\t<meta property=\"og:image:height\" content=\"200\" \/>\n\t<meta property=\"og:image:type\" content=\"image\/jpeg\" \/>\n<meta name=\"twitter:card\" content=\"summary_large_image\" \/>\n<meta name=\"twitter:label1\" content=\"Est. reading time\" \/>\n\t<meta name=\"twitter:data1\" content=\"1 minut\" \/>\n<script type=\"application\/ld+json\" class=\"yoast-schema-graph\">{\"@context\":\"https:\/\/schema.org\",\"@graph\":[{\"@type\":\"WebPage\",\"@id\":\"https:\/\/stelior.ee\/?product=omega-optimal-90-kapslit\",\"url\":\"https:\/\/stelior.ee\/?product=omega-optimal-90-kapslit\",\"name\":\"OMEGA OPTIMAL 90 kapslit - Stelior\",\"isPartOf\":{\"@id\":\"https:\/\/stelior.ee\/#website\"},\"primaryImageOfPage\":{\"@id\":\"https:\/\/stelior.ee\/?product=omega-optimal-90-kapslit#primaryimage\"},\"image\":{\"@id\":\"https:\/\/stelior.ee\/?product=omega-optimal-90-kapslit#primaryimage\"},\"thumbnailUrl\":\"https:\/\/stelior.ee\/wp-content\/uploads\/2020\/11\/omega-vital-90.jpg\",\"datePublished\":\"2020-11-24T09:36:43+00:00\",\"dateModified\":\"2025-06-07T01:21:43+00:00\",\"breadcrumb\":{\"@id\":\"https:\/\/stelior.ee\/?product=omega-optimal-90-kapslit#breadcrumb\"},\"inLanguage\":\"et\",\"potentialAction\":[{\"@type\":\"ReadAction\",\"target\":[\"https:\/\/stelior.ee\/?product=omega-optimal-90-kapslit\"]}]},{\"@type\":\"ImageObject\",\"inLanguage\":\"et\",\"@id\":\"https:\/\/stelior.ee\/?product=omega-optimal-90-kapslit#primaryimage\",\"url\":\"https:\/\/stelior.ee\/wp-content\/uploads\/2020\/11\/omega-vital-90.jpg\",\"contentUrl\":\"https:\/\/stelior.ee\/wp-content\/uploads\/2020\/11\/omega-vital-90.jpg\",\"width\":200,\"height\":200},{\"@type\":\"BreadcrumbList\",\"@id\":\"https:\/\/stelior.ee\/?product=omega-optimal-90-kapslit#breadcrumb\",\"itemListElement\":[{\"@type\":\"ListItem\",\"position\":1,\"name\":\"Home\",\"item\":\"https:\/\/stelior.ee\/\"},{\"@type\":\"ListItem\",\"position\":2,\"name\":\"E-pood\",\"item\":\"https:\/\/stelior.ee\/?page_id=389\"},{\"@type\":\"ListItem\",\"position\":3,\"name\":\"OMEGA OPTIMAL 90 kapslit\"}]},{\"@type\":\"WebSite\",\"@id\":\"https:\/\/stelior.ee\/#website\",\"url\":\"https:\/\/stelior.ee\/\",\"name\":\"Stelior\",\"description\":\"mittetulundus&uuml;hing\",\"potentialAction\":[{\"@type\":\"SearchAction\",\"target\":{\"@type\":\"EntryPoint\",\"urlTemplate\":\"https:\/\/stelior.ee\/?s={search_term_string}\"},\"query-input\":\"required name=search_term_string\"}],\"inLanguage\":\"et\"}]}<\/script>\n<!-- \/ Yoast SEO plugin. -->","yoast_head_json":{"title":"OMEGA OPTIMAL 90 kapslit - Stelior","robots":{"index":"index","follow":"follow","max-snippet":"max-snippet:-1","max-image-preview":"max-image-preview:large","max-video-preview":"max-video-preview:-1"},"canonical":"https:\/\/stelior.ee\/?product=omega-optimal-90-kapslit","og_locale":"et_EE","og_type":"article","og_title":"OMEGA OPTIMAL 90 kapslit - Stelior","og_description":"Organismi loomuliku kaitsev\u00f5ime tugevdamiseks ja seedeprobleemide leevendamiseks. Mustk\u00f6\u00f6mne \u00f5li sobib ka p\u00f5letikuliste ja allergiliste seisundite korral. Sisaldab palju pol\u00fck\u00fcllastamata asendamatuid rasvhappeid. Pidurdab rakumembraanide oks\u00fcdatsiooni, p\u00f5letikku. Toetab maksa ja sapip\u00f5ie funktsioone.. \u200b Koostis: mustk\u00f6\u00f6mne\u00f5li (Nigella sativa L), tokoferooliga (E vitamiin) rikastatud ekstrakt . Kapsel kala\u017eelatiinist. Niiskuses\u00e4ilitaja: gl\u00fctserool.","og_url":"https:\/\/stelior.ee\/?product=omega-optimal-90-kapslit","og_site_name":"Stelior","article_modified_time":"2025-06-07T01:21:43+00:00","og_image":[{"width":200,"height":200,"url":"https:\/\/stelior.ee\/wp-content\/uploads\/2020\/11\/omega-vital-90.jpg","type":"image\/jpeg"}],"twitter_card":"summary_large_image","twitter_misc":{"Est. reading time":"1 minut"},"schema":{"@context":"https:\/\/schema.org","@graph":[{"@type":"WebPage","@id":"https:\/\/stelior.ee\/?product=omega-optimal-90-kapslit","url":"https:\/\/stelior.ee\/?product=omega-optimal-90-kapslit","name":"OMEGA OPTIMAL 90 kapslit - Stelior","isPartOf":{"@id":"https:\/\/stelior.ee\/#website"},"primaryImageOfPage":{"@id":"https:\/\/stelior.ee\/?product=omega-optimal-90-kapslit#primaryimage"},"image":{"@id":"https:\/\/stelior.ee\/?product=omega-optimal-90-kapslit#primaryimage"},"thumbnailUrl":"https:\/\/stelior.ee\/wp-content\/uploads\/2020\/11\/omega-vital-90.jpg","datePublished":"2020-11-24T09:36:43+00:00","dateModified":"2025-06-07T01:21:43+00:00","breadcrumb":{"@id":"https:\/\/stelior.ee\/?product=omega-optimal-90-kapslit#breadcrumb"},"inLanguage":"et","potentialAction":[{"@type":"ReadAction","target":["https:\/\/stelior.ee\/?product=omega-optimal-90-kapslit"]}]},{"@type":"ImageObject","inLanguage":"et","@id":"https:\/\/stelior.ee\/?product=omega-optimal-90-kapslit#primaryimage","url":"https:\/\/stelior.ee\/wp-content\/uploads\/2020\/11\/omega-vital-90.jpg","contentUrl":"https:\/\/stelior.ee\/wp-content\/uploads\/2020\/11\/omega-vital-90.jpg","width":200,"height":200},{"@type":"BreadcrumbList","@id":"https:\/\/stelior.ee\/?product=omega-optimal-90-kapslit#breadcrumb","itemListElement":[{"@type":"ListItem","position":1,"name":"Home","item":"https:\/\/stelior.ee\/"},{"@type":"ListItem","position":2,"name":"E-pood","item":"https:\/\/stelior.ee\/?page_id=389"},{"@type":"ListItem","position":3,"name":"OMEGA OPTIMAL 90 kapslit"}]},{"@type":"WebSite","@id":"https:\/\/stelior.ee\/#website","url":"https:\/\/stelior.ee\/","name":"Stelior","description":"mittetulundus&uuml;hing","potentialAction":[{"@type":"SearchAction","target":{"@type":"EntryPoint","urlTemplate":"https:\/\/stelior.ee\/?s={search_term_string}"},"query-input":"required name=search_term_string"}],"inLanguage":"et"}]}},"_links":{"self":[{"href":"https:\/\/stelior.ee\/index.php?rest_route=\/wp\/v2\/product\/57","targetHints":{"allow":["GET"]}}],"collection":[{"href":"https:\/\/stelior.ee\/index.php?rest_route=\/wp\/v2\/product"}],"about":[{"href":"https:\/\/stelior.ee\/index.php?rest_route=\/wp\/v2\/types\/product"}],"replies":[{"embeddable":true,"href":"https:\/\/stelior.ee\/index.php?rest_route=%2Fwp%2Fv2%2Fcomments&post=57"}],"wp:featuredmedia":[{"embeddable":true,"href":"https:\/\/stelior.ee\/index.php?rest_route=\/wp\/v2\/media\/359"}],"wp:attachment":[{"href":"https:\/\/stelior.ee\/index.php?rest_route=%2Fwp%2Fv2%2Fmedia&parent=57"}],"wp:term":[{"taxonomy":"product_cat","embeddable":true,"href":"https:\/\/stelior.ee\/index.php?rest_route=%2Fwp%2Fv2%2Fproduct_cat&post=57"},{"taxonomy":"product_tag","embeddable":true,"href":"https:\/\/stelior.ee\/index.php?rest_route=%2Fwp%2Fv2%2Fproduct_tag&post=57"}],"curies":[{"name":"wp","href":"https:\/\/api.w.org\/{rel}","templated":true}]}}