{"id":198,"date":"2020-11-24T10:46:12","date_gmt":"2020-11-24T10:46:12","guid":{"rendered":"https:\/\/stelior.ee\/?page_id=198"},"modified":"2025-04-13T06:45:46","modified_gmt":"2025-04-13T06:45:46","slug":"kontakt","status":"publish","type":"page","link":"https:\/\/stelior.ee\/?page_id=198","title":{"rendered":"Kontakt"},"content":{"rendered":"\t\t<div data-elementor-type=\"wp-page\" data-elementor-id=\"198\" class=\"elementor elementor-198\" data-elementor-post-type=\"page\">\n\t\t\t\t\t\t<section class=\"elementor-section elementor-top-section elementor-element elementor-element-5ed29513 elementor-section-height-min-height elementor-section-content-middle elementor-section-boxed elementor-section-height-default elementor-section-items-middle\" data-id=\"5ed29513\" data-element_type=\"section\" data-settings=\"{&quot;background_background&quot;:&quot;classic&quot;}\" data-e-bg-lazyload=\"\">\n\t\t\t\t\t\t\t<div class=\"elementor-background-overlay\"><\/div>\n\t\t\t\t\t\t\t<div class=\"elementor-container elementor-column-gap-default\">\n\t\t\t\t\t<div class=\"elementor-column elementor-col-100 elementor-top-column elementor-element elementor-element-144982e6\" data-id=\"144982e6\" data-element_type=\"column\">\n\t\t\t<div class=\"elementor-widget-wrap elementor-element-populated\">\n\t\t\t\t\t\t<div class=\"elementor-element elementor-element-13e368b3 elementor-widget elementor-widget-heading\" data-id=\"13e368b3\" data-element_type=\"widget\" data-widget_type=\"heading.default\">\n\t\t\t\t<div class=\"elementor-widget-container\">\n\t\t\t<style>\/*! elementor - v3.20.0 - 26-03-2024 *\/\n.elementor-heading-title{padding:0;margin:0;line-height:1}.elementor-widget-heading .elementor-heading-title[class*=elementor-size-]>a{color:inherit;font-size:inherit;line-height:inherit}.elementor-widget-heading .elementor-heading-title.elementor-size-small{font-size:15px}.elementor-widget-heading .elementor-heading-title.elementor-size-medium{font-size:19px}.elementor-widget-heading .elementor-heading-title.elementor-size-large{font-size:29px}.elementor-widget-heading .elementor-heading-title.elementor-size-xl{font-size:39px}.elementor-widget-heading .elementor-heading-title.elementor-size-xxl{font-size:59px}<\/style><h2 class=\"elementor-heading-title elementor-size-default\">KONTAKT<\/h2>\t\t<\/div>\n\t\t\t\t<\/div>\n\t\t\t\t\t<\/div>\n\t\t<\/div>\n\t\t\t\t\t<\/div>\n\t\t<\/section>\n\t\t\t\t<section class=\"elementor-section elementor-top-section elementor-element elementor-element-112fb66d elementor-section-height-min-height elementor-section-items-stretch elementor-section-boxed elementor-section-height-default\" data-id=\"112fb66d\" data-element_type=\"section\" data-settings=\"{&quot;background_background&quot;:&quot;classic&quot;}\" data-e-bg-lazyload=\".elementor-background-overlay\">\n\t\t\t\t\t\t\t<div class=\"elementor-background-overlay\"><\/div>\n\t\t\t\t\t\t\t<div class=\"elementor-container elementor-column-gap-default\">\n\t\t\t\t\t<div class=\"elementor-column elementor-col-100 elementor-top-column elementor-element elementor-element-6d885bb5\" data-id=\"6d885bb5\" data-element_type=\"column\">\n\t\t\t<div class=\"elementor-widget-wrap elementor-element-populated\">\n\t\t\t\t\t\t<div class=\"elementor-element elementor-element-6075353e elementor-widget elementor-widget-heading\" data-id=\"6075353e\" data-element_type=\"widget\" data-widget_type=\"heading.default\">\n\t\t\t\t<div class=\"elementor-widget-container\">\n\t\t\t<h3 class=\"elementor-heading-title elementor-size-default\">Oleme siin, et olla abiks!<\/h3>\t\t<\/div>\n\t\t\t\t<\/div>\n\t\t\t\t<div class=\"elementor-element elementor-element-53d9d10d elementor-widget elementor-widget-heading\" data-id=\"53d9d10d\" data-element_type=\"widget\" data-widget_type=\"heading.default\">\n\t\t\t\t<div class=\"elementor-widget-container\">\n\t\t\t<h1 class=\"elementor-heading-title elementor-size-default\">Kirjuta v\u00f5i helista julgelt!<\/h1>\t\t<\/div>\n\t\t\t\t<\/div>\n\t\t\t\t<section class=\"elementor-section elementor-inner-section elementor-element elementor-element-2a6bc2d elementor-section-boxed elementor-section-height-default elementor-section-height-default\" data-id=\"2a6bc2d\" data-element_type=\"section\">\n\t\t\t\t\t\t<div class=\"elementor-container elementor-column-gap-default\">\n\t\t\t\t\t<div class=\"elementor-column elementor-col-50 elementor-inner-column elementor-element elementor-element-c1aca1d\" data-id=\"c1aca1d\" data-element_type=\"column\">\n\t\t\t<div class=\"elementor-widget-wrap elementor-element-populated\">\n\t\t\t\t\t\t<div class=\"elementor-element elementor-element-2ed0a4ff elementor-widget elementor-widget-heading\" data-id=\"2ed0a4ff\" data-element_type=\"widget\" data-widget_type=\"heading.default\">\n\t\t\t\t<div class=\"elementor-widget-container\">\n\t\t\t<h3 class=\"elementor-heading-title elementor-size-default\">Madleen Simson<\/h3>\t\t<\/div>\n\t\t\t\t<\/div>\n\t\t\t\t<div class=\"elementor-element elementor-element-53dd332d elementor-widget elementor-widget-text-editor\" data-id=\"53dd332d\" data-element_type=\"widget\" data-widget_type=\"text-editor.default\">\n\t\t\t\t<div class=\"elementor-widget-container\">\n\t\t\t<style>\/*! elementor - v3.20.0 - 26-03-2024 *\/\n.elementor-widget-text-editor.elementor-drop-cap-view-stacked .elementor-drop-cap{background-color:#69727d;color:#fff}.elementor-widget-text-editor.elementor-drop-cap-view-framed .elementor-drop-cap{color:#69727d;border:3px solid;background-color:transparent}.elementor-widget-text-editor:not(.elementor-drop-cap-view-default) .elementor-drop-cap{margin-top:8px}.elementor-widget-text-editor:not(.elementor-drop-cap-view-default) .elementor-drop-cap-letter{width:1em;height:1em}.elementor-widget-text-editor .elementor-drop-cap{float:left;text-align:center;line-height:1;font-size:50px}.elementor-widget-text-editor .elementor-drop-cap-letter{display:inline-block}<\/style>\t\t\t\t<p>Tel: + 372 5336 3472<br \/>E-mail:\u00a0<a href=\"mailto:madleen@stelior.ee\">madleen@stelior.ee<\/a><\/p>\t\t\t\t\t\t<\/div>\n\t\t\t\t<\/div>\n\t\t\t\t\t<\/div>\n\t\t<\/div>\n\t\t\t\t<div class=\"elementor-column elementor-col-50 elementor-inner-column elementor-element elementor-element-30341c9\" data-id=\"30341c9\" data-element_type=\"column\">\n\t\t\t<div class=\"elementor-widget-wrap elementor-element-populated\">\n\t\t\t\t\t\t<div class=\"elementor-element elementor-element-1d234342 elementor-widget elementor-widget-heading\" data-id=\"1d234342\" data-element_type=\"widget\" data-widget_type=\"heading.default\">\n\t\t\t\t<div class=\"elementor-widget-container\">\n\t\t\t<h3 class=\"elementor-heading-title elementor-size-default\">MT\u00dc Stelior Eesti<\/h3>\t\t<\/div>\n\t\t\t\t<\/div>\n\t\t\t\t<div class=\"elementor-element elementor-element-7c2544c0 elementor-widget elementor-widget-text-editor\" data-id=\"7c2544c0\" data-element_type=\"widget\" data-widget_type=\"text-editor.default\">\n\t\t\t\t<div class=\"elementor-widget-container\">\n\t\t\t\t\t\t\t<p class=\"p1\">Reg. nr: 80224512<br \/>E-mail:\u00a0<a href=\"mailto:stelior@stelior.ee\">stelior@stelior.ee<\/a><\/p>\t\t\t\t\t\t<\/div>\n\t\t\t\t<\/div>\n\t\t\t\t\t<\/div>\n\t\t<\/div>\n\t\t\t\t\t<\/div>\n\t\t<\/section>\n\t\t\t\t\t<\/div>\n\t\t<\/div>\n\t\t\t\t\t<\/div>\n\t\t<\/section>\n\t\t\t\t<section class=\"elementor-section elementor-top-section elementor-element elementor-element-1b0a381 elementor-section-boxed elementor-section-height-default elementor-section-height-default\" data-id=\"1b0a381\" data-element_type=\"section\" data-e-bg-lazyload=\".elementor-background-overlay\">\n\t\t\t\t\t\t\t<div class=\"elementor-background-overlay\"><\/div>\n\t\t\t\t\t\t\t<div class=\"elementor-container elementor-column-gap-default\">\n\t\t\t\t\t<div class=\"elementor-column elementor-col-100 elementor-top-column elementor-element elementor-element-6a25b82\" data-id=\"6a25b82\" data-element_type=\"column\">\n\t\t\t<div class=\"elementor-widget-wrap elementor-element-populated\">\n\t\t\t\t\t\t<div class=\"elementor-element elementor-element-2f2eb372 elementor-widget elementor-widget-heading\" data-id=\"2f2eb372\" data-element_type=\"widget\" data-widget_type=\"heading.default\">\n\t\t\t\t<div class=\"elementor-widget-container\">\n\t\t\t<h3 class=\"elementor-heading-title elementor-size-default\">Vastuv\u00f5tt ja konsultatsioon eelregistreerimisega<\/h3>\t\t<\/div>\n\t\t\t\t<\/div>\n\t\t\t\t<div class=\"elementor-element elementor-element-66a40eb elementor-widget elementor-widget-heading\" data-id=\"66a40eb\" data-element_type=\"widget\" data-widget_type=\"heading.default\">\n\t\t\t\t<div class=\"elementor-widget-container\">\n\t\t\t<h2 class=\"elementor-heading-title elementor-size-default\">P\u00e4rnus<\/h2>\t\t<\/div>\n\t\t\t\t<\/div>\n\t\t\t\t<div class=\"elementor-element elementor-element-74db186 elementor-widget elementor-widget-google_maps\" data-id=\"74db186\" data-element_type=\"widget\" data-widget_type=\"google_maps.default\">\n\t\t\t\t<div class=\"elementor-widget-container\">\n\t\t\t<style>\/*! elementor - v3.20.0 - 26-03-2024 *\/\n.elementor-widget-google_maps .elementor-widget-container{overflow:hidden}.elementor-widget-google_maps .elementor-custom-embed{line-height:0}.elementor-widget-google_maps iframe{height:300px}<\/style>\t\t<div class=\"elementor-custom-embed\">\n\t\t\t<iframe loading=\"lazy\"\n\t\t\t\t\tsrc=\"https:\/\/maps.google.com\/maps?q=akadeemia%209%20p%C3%A4rnu&#038;t=m&#038;z=14&#038;output=embed&#038;iwloc=near\"\n\t\t\t\t\ttitle=\"akadeemia 9 p\u00e4rnu\"\n\t\t\t\t\taria-label=\"akadeemia 9 p\u00e4rnu\"\n\t\t\t><\/iframe>\n\t\t<\/div>\n\t\t\t\t<\/div>\n\t\t\t\t<\/div>\n\t\t\t\t<div class=\"elementor-element elementor-element-56fb87f1 elementor-widget elementor-widget-text-editor\" data-id=\"56fb87f1\" data-element_type=\"widget\" data-widget_type=\"text-editor.default\">\n\t\t\t\t<div class=\"elementor-widget-container\">\n\t\t\t\t\t\t\t<p class=\"p1\"><strong>Tervistav Stuudio<\/strong><br \/>Akadeemia 9<br \/>P\u00e4rnu 80011<br \/>Tel: + 372 442 9020<br \/><a href=\"http:\/\/www.tervistavstuudio.ee\/\" target=\"_blank\" rel=\"noopener\">www.tervistavstuudio.ee<\/a><\/p>\t\t\t\t\t\t<\/div>\n\t\t\t\t<\/div>\n\t\t\t\t<div class=\"elementor-element elementor-element-3244278 elementor-widget elementor-widget-heading\" data-id=\"3244278\" data-element_type=\"widget\" data-widget_type=\"heading.default\">\n\t\t\t\t<div class=\"elementor-widget-container\">\n\t\t\t<h3 class=\"elementor-heading-title elementor-size-default\">Vastuv\u00f5tt ja konsultatsioon eelregistreerimisega<\/h3>\t\t<\/div>\n\t\t\t\t<\/div>\n\t\t\t\t<div class=\"elementor-element elementor-element-6ea47c7 elementor-widget elementor-widget-text-editor\" data-id=\"6ea47c7\" data-element_type=\"widget\" data-widget_type=\"text-editor.default\">\n\t\t\t\t<div class=\"elementor-widget-container\">\n\t\t\t\t\t\t\t<p>Esmane konsultatsioon (1 tund): 40.00 EUR<\/p><p>Korduvkonsultatsioon (1 tund): 25.00 EUR<\/p>\t\t\t\t\t\t<\/div>\n\t\t\t\t<\/div>\n\t\t\t\t<div class=\"elementor-element elementor-element-8e77c7b elementor-widget elementor-widget-text-editor\" data-id=\"8e77c7b\" data-element_type=\"widget\" data-widget_type=\"text-editor.default\">\n\t\t\t\t<div class=\"elementor-widget-container\">\n\t\t\t\t\t\t\t<p><em><strong>Juhime t\u00e4helepanu<\/strong>, et meie teenused <strong>ei asenda arstiabi<\/strong>, vaid on alternatiivteraapia, mis aitab t\u00e4iendavalt kaasa haiguste taandumisele v\u00f5i haigusn\u00e4htude ennetamisele. Sellega ei tohi asendada juba k\u00e4imasolevat ravi.<\/em><\/p>\t\t\t\t\t\t<\/div>\n\t\t\t\t<\/div>\n\t\t\t\t\t<\/div>\n\t\t<\/div>\n\t\t\t\t\t<\/div>\n\t\t<\/section>\n\t\t\t\t<\/div>\n\t\t","protected":false},"excerpt":{"rendered":"<p>KONTAKT Oleme siin, et olla abiks! Kirjuta v\u00f5i helista julgelt! Madleen Simson Tel: + 372 5336 3472E-mail:\u00a0madleen@stelior.ee MT\u00dc Stelior Eesti Reg. nr: 80224512E-mail:\u00a0stelior@stelior.ee Vastuv\u00f5tt ja konsultatsioon eelregistreerimisega P\u00e4rnus Tervistav StuudioAkadeemia 9P\u00e4rnu 80011Tel: + 372 442 9020www.tervistavstuudio.ee Vastuv\u00f5tt ja konsultatsioon eelregistreerimisega Esmane konsultatsioon (1 tund): 40.00 EUR Korduvkonsultatsioon (1 tund): 25.00 EUR Juhime t\u00e4helepanu, et meie [&hellip;]<\/p>\n","protected":false},"author":1,"featured_media":0,"parent":0,"menu_order":0,"comment_status":"closed","ping_status":"closed","template":"","meta":{"footnotes":""},"class_list":["post-198","page","type-page","status-publish","hentry"],"yoast_head":"<!-- This site is optimized with the Yoast SEO plugin v22.3 - https:\/\/yoast.com\/wordpress\/plugins\/seo\/ -->\n<title>Kontakt - Stelior<\/title>\n<meta name=\"robots\" content=\"index, follow, max-snippet:-1, max-image-preview:large, max-video-preview:-1\" \/>\n<link rel=\"canonical\" href=\"https:\/\/stelior.ee\/?page_id=198\" \/>\n<meta property=\"og:locale\" content=\"et_EE\" \/>\n<meta property=\"og:type\" content=\"article\" \/>\n<meta property=\"og:title\" content=\"Kontakt - Stelior\" \/>\n<meta property=\"og:description\" content=\"KONTAKT Oleme siin, et olla abiks! Kirjuta v\u00f5i helista julgelt! Madleen Simson Tel: + 372 5336 3472E-mail:\u00a0madleen@stelior.ee MT\u00dc Stelior Eesti Reg. nr: 80224512E-mail:\u00a0stelior@stelior.ee Vastuv\u00f5tt ja konsultatsioon eelregistreerimisega P\u00e4rnus Tervistav StuudioAkadeemia 9P\u00e4rnu 80011Tel: + 372 442 9020www.tervistavstuudio.ee Vastuv\u00f5tt ja konsultatsioon eelregistreerimisega Esmane konsultatsioon (1 tund): 40.00 EUR Korduvkonsultatsioon (1 tund): 25.00 EUR Juhime t\u00e4helepanu, et meie [&hellip;]\" \/>\n<meta property=\"og:url\" content=\"https:\/\/stelior.ee\/?page_id=198\" \/>\n<meta property=\"og:site_name\" content=\"Stelior\" \/>\n<meta property=\"article:modified_time\" content=\"2025-04-13T06:45:46+00:00\" \/>\n<meta name=\"twitter:card\" content=\"summary_large_image\" \/>\n<meta name=\"twitter:label1\" content=\"Est. reading time\" \/>\n\t<meta name=\"twitter:data1\" content=\"1 minut\" \/>\n<script type=\"application\/ld+json\" class=\"yoast-schema-graph\">{\"@context\":\"https:\/\/schema.org\",\"@graph\":[{\"@type\":\"WebPage\",\"@id\":\"https:\/\/stelior.ee\/?page_id=198\",\"url\":\"https:\/\/stelior.ee\/?page_id=198\",\"name\":\"Kontakt - Stelior\",\"isPartOf\":{\"@id\":\"https:\/\/stelior.ee\/#website\"},\"datePublished\":\"2020-11-24T10:46:12+00:00\",\"dateModified\":\"2025-04-13T06:45:46+00:00\",\"breadcrumb\":{\"@id\":\"https:\/\/stelior.ee\/?page_id=198#breadcrumb\"},\"inLanguage\":\"et\",\"potentialAction\":[{\"@type\":\"ReadAction\",\"target\":[\"https:\/\/stelior.ee\/?page_id=198\"]}]},{\"@type\":\"BreadcrumbList\",\"@id\":\"https:\/\/stelior.ee\/?page_id=198#breadcrumb\",\"itemListElement\":[{\"@type\":\"ListItem\",\"position\":1,\"name\":\"Home\",\"item\":\"https:\/\/stelior.ee\/\"},{\"@type\":\"ListItem\",\"position\":2,\"name\":\"Kontakt\"}]},{\"@type\":\"WebSite\",\"@id\":\"https:\/\/stelior.ee\/#website\",\"url\":\"https:\/\/stelior.ee\/\",\"name\":\"Stelior\",\"description\":\"mittetulundus&uuml;hing\",\"potentialAction\":[{\"@type\":\"SearchAction\",\"target\":{\"@type\":\"EntryPoint\",\"urlTemplate\":\"https:\/\/stelior.ee\/?s={search_term_string}\"},\"query-input\":\"required name=search_term_string\"}],\"inLanguage\":\"et\"}]}<\/script>\n<!-- \/ Yoast SEO plugin. -->","yoast_head_json":{"title":"Kontakt - Stelior","robots":{"index":"index","follow":"follow","max-snippet":"max-snippet:-1","max-image-preview":"max-image-preview:large","max-video-preview":"max-video-preview:-1"},"canonical":"https:\/\/stelior.ee\/?page_id=198","og_locale":"et_EE","og_type":"article","og_title":"Kontakt - Stelior","og_description":"KONTAKT Oleme siin, et olla abiks! Kirjuta v\u00f5i helista julgelt! Madleen Simson Tel: + 372 5336 3472E-mail:\u00a0madleen@stelior.ee MT\u00dc Stelior Eesti Reg. nr: 80224512E-mail:\u00a0stelior@stelior.ee Vastuv\u00f5tt ja konsultatsioon eelregistreerimisega P\u00e4rnus Tervistav StuudioAkadeemia 9P\u00e4rnu 80011Tel: + 372 442 9020www.tervistavstuudio.ee Vastuv\u00f5tt ja konsultatsioon eelregistreerimisega Esmane konsultatsioon (1 tund): 40.00 EUR Korduvkonsultatsioon (1 tund): 25.00 EUR Juhime t\u00e4helepanu, et meie [&hellip;]","og_url":"https:\/\/stelior.ee\/?page_id=198","og_site_name":"Stelior","article_modified_time":"2025-04-13T06:45:46+00:00","twitter_card":"summary_large_image","twitter_misc":{"Est. reading time":"1 minut"},"schema":{"@context":"https:\/\/schema.org","@graph":[{"@type":"WebPage","@id":"https:\/\/stelior.ee\/?page_id=198","url":"https:\/\/stelior.ee\/?page_id=198","name":"Kontakt - Stelior","isPartOf":{"@id":"https:\/\/stelior.ee\/#website"},"datePublished":"2020-11-24T10:46:12+00:00","dateModified":"2025-04-13T06:45:46+00:00","breadcrumb":{"@id":"https:\/\/stelior.ee\/?page_id=198#breadcrumb"},"inLanguage":"et","potentialAction":[{"@type":"ReadAction","target":["https:\/\/stelior.ee\/?page_id=198"]}]},{"@type":"BreadcrumbList","@id":"https:\/\/stelior.ee\/?page_id=198#breadcrumb","itemListElement":[{"@type":"ListItem","position":1,"name":"Home","item":"https:\/\/stelior.ee\/"},{"@type":"ListItem","position":2,"name":"Kontakt"}]},{"@type":"WebSite","@id":"https:\/\/stelior.ee\/#website","url":"https:\/\/stelior.ee\/","name":"Stelior","description":"mittetulundus&uuml;hing","potentialAction":[{"@type":"SearchAction","target":{"@type":"EntryPoint","urlTemplate":"https:\/\/stelior.ee\/?s={search_term_string}"},"query-input":"required name=search_term_string"}],"inLanguage":"et"}]}},"_links":{"self":[{"href":"https:\/\/stelior.ee\/index.php?rest_route=\/wp\/v2\/pages\/198","targetHints":{"allow":["GET"]}}],"collection":[{"href":"https:\/\/stelior.ee\/index.php?rest_route=\/wp\/v2\/pages"}],"about":[{"href":"https:\/\/stelior.ee\/index.php?rest_route=\/wp\/v2\/types\/page"}],"author":[{"embeddable":true,"href":"https:\/\/stelior.ee\/index.php?rest_route=\/wp\/v2\/users\/1"}],"replies":[{"embeddable":true,"href":"https:\/\/stelior.ee\/index.php?rest_route=%2Fwp%2Fv2%2Fcomments&post=198"}],"version-history":[{"count":97,"href":"https:\/\/stelior.ee\/index.php?rest_route=\/wp\/v2\/pages\/198\/revisions"}],"predecessor-version":[{"id":820,"href":"https:\/\/stelior.ee\/index.php?rest_route=\/wp\/v2\/pages\/198\/revisions\/820"}],"wp:attachment":[{"href":"https:\/\/stelior.ee\/index.php?rest_route=%2Fwp%2Fv2%2Fmedia&parent=198"}],"curies":[{"name":"wp","href":"https:\/\/api.w.org\/{rel}","templated":true}]}}